{"id":293,"date":"2025-12-13T11:56:28","date_gmt":"2025-12-13T11:56:28","guid":{"rendered":"https:\/\/certswarrior.com\/?page_id=293"},"modified":"2025-12-13T15:53:40","modified_gmt":"2025-12-13T15:53:40","slug":"faqs","status":"publish","type":"page","link":"https:\/\/certswarrior.com\/es\/faqs\/","title":{"rendered":"Preguntas frecuentes"},"content":{"rendered":"<div data-elementor-type=\"wp-page\" data-elementor-id=\"293\" class=\"elementor elementor-293\" data-elementor-post-type=\"page\">\n\t\t\t\t<div class=\"elementor-element elementor-element-4db337d7 e-flex e-con-boxed e-con e-parent\" data-id=\"4db337d7\" data-element_type=\"container\" data-e-type=\"container\" data-settings=\"{&quot;background_background&quot;:&quot;classic&quot;}\">\n\t\t\t\t\t<div class=\"e-con-inner\">\n\t\t<div class=\"elementor-element elementor-element-7305a4b5 e-con-full e-flex e-con e-child\" data-id=\"7305a4b5\" data-element_type=\"container\" data-e-type=\"container\">\n\t\t\t\t<div class=\"elementor-element elementor-element-177b1ba4 elementor-icon-list--layout-inline elementor-align-center elementor-list-item-link-full_width elementor-widget elementor-widget-icon-list\" data-id=\"177b1ba4\" data-element_type=\"widget\" data-e-type=\"widget\" data-widget_type=\"icon-list.default\">\n\t\t\t\t\t\t\t<ul class=\"elementor-icon-list-items elementor-inline-items\">\n\t\t\t\t\t\t\t<li class=\"elementor-icon-list-item elementor-inline-item\">\n\t\t\t\t\t\t\t\t\t\t\t<a href=\"https:\/\/certswarrior.com\/es\">\n\n\t\t\t\t\t\t\t\t\t\t\t<span class=\"elementor-icon-list-text\">Inicio<\/span>\n\t\t\t\t\t\t\t\t\t\t\t<\/a>\n\t\t\t\t\t\t\t\t\t<\/li>\n\t\t\t\t\t\t\t\t<li class=\"elementor-icon-list-item elementor-inline-item\">\n\t\t\t\t\t\t\t\t\t\t\t<span class=\"elementor-icon-list-icon\">\n\t\t\t\t\t\t\t<svg aria-hidden=\"true\" class=\"e-font-icon-svg e-fas-chevron-right\" viewbox=\"0 0 320 512\" xmlns=\"http:\/\/www.w3.org\/2000\/svg\"><path d=\"M285.476 272.971L91.132 467.314c-9.373 9.373-24.569 9.373-33.941 0l-22.667-22.667c-9.357-9.357-9.375-24.522-.04-33.901L188.505 256 34.484 101.255c-9.335-9.379-9.317-24.544.04-33.901l22.667-22.667c9.373-9.373 24.569-9.373 33.941 0L285.475 239.03c9.373 9.372 9.373 24.568.001 33.941z\"><\/path><\/svg>\t\t\t\t\t\t<\/span>\n\t\t\t\t\t\t\t\t\t\t<span class=\"elementor-icon-list-text\"><\/span>\n\t\t\t\t\t\t\t\t\t<\/li>\n\t\t\t\t\t\t<\/ul>\n\t\t\t\t\t\t<\/div>\n\t\t\t\t<\/div>\n\t\t\t\t\t<\/div>\n\t\t\t\t<\/div>\n\t\t<div class=\"elementor-element elementor-element-d8dd59f e-flex e-con-boxed e-con e-parent\" data-id=\"d8dd59f\" data-element_type=\"container\" data-e-type=\"container\">\n\t\t\t\t\t<div class=\"e-con-inner\">\n\t\t<div class=\"elementor-element elementor-element-e17c8ec e-con-full e-flex e-con e-child\" data-id=\"e17c8ec\" data-element_type=\"container\" data-e-type=\"container\">\n\t\t\t\t<div class=\"elementor-element elementor-element-e6e717b elementor-icon-list--layout-traditional elementor-list-item-link-full_width elementor-widget elementor-widget-icon-list\" data-id=\"e6e717b\" data-element_type=\"widget\" data-e-type=\"widget\" data-widget_type=\"icon-list.default\">\n\t\t\t\t\t\t\t<ul class=\"elementor-icon-list-items\">\n\t\t\t\t\t\t\t<li class=\"elementor-icon-list-item\">\n\t\t\t\t\t\t\t\t\t\t\t<span class=\"elementor-icon-list-icon\">\n\t\t\t\t\t\t\t<svg aria-hidden=\"true\" class=\"e-font-icon-svg e-fas-book-reader\" viewbox=\"0 0 512 512\" xmlns=\"http:\/\/www.w3.org\/2000\/svg\"><path d=\"M352 96c0-53.02-42.98-96-96-96s-96 42.98-96 96 42.98 96 96 96 96-42.98 96-96zM233.59 241.1c-59.33-36.32-155.43-46.3-203.79-49.05C13.55 191.13 0 203.51 0 219.14v222.8c0 14.33 11.59 26.28 26.49 27.05 43.66 2.29 131.99 10.68 193.04 41.43 9.37 4.72 20.48-1.71 20.48-11.87V252.56c-.01-4.67-2.32-8.95-6.42-11.46zm248.61-49.05c-48.35 2.74-144.46 12.73-203.78 49.05-4.1 2.51-6.41 6.96-6.41 11.63v245.79c0 10.19 11.14 16.63 20.54 11.9 61.04-30.72 149.32-39.11 192.97-41.4 14.9-.78 26.49-12.73 26.49-27.06V219.14c-.01-15.63-13.56-28.01-29.81-27.09z\"><\/path><\/svg>\t\t\t\t\t\t<\/span>\n\t\t\t\t\t\t\t\t\t\t<span class=\"elementor-icon-list-text\">FAQ<\/span>\n\t\t\t\t\t\t\t\t\t<\/li>\n\t\t\t\t\t\t<\/ul>\n\t\t\t\t\t\t<\/div>\n\t\t\t\t<div class=\"elementor-element elementor-element-69170ad elementor-widget elementor-widget-heading\" data-id=\"69170ad\" data-element_type=\"widget\" data-e-type=\"widget\" data-widget_type=\"heading.default\">\n\t\t\t\t\t<h2 class=\"elementor-heading-title elementor-size-default\">CertsWarrior Support &amp; FAQs<\/h2>\t\t\t\t<\/div>\n\t\t\t\t<div class=\"elementor-element elementor-element-42ac979 elementor-widget elementor-widget-text-editor\" data-id=\"42ac979\" data-element_type=\"widget\" data-e-type=\"widget\" data-widget_type=\"text-editor.default\">\n\t\t\t\t\t\t\t\t\t<p>Encuentra respuestas a las preguntas m\u00e1s frecuentes sobre nuestros ex\u00e1menes de pr\u00e1ctica, gu\u00edas de estudio y preparaci\u00f3n para el examen.<\/p>\t\t\t\t\t\t\t\t<\/div>\n\t\t\t\t<div class=\"elementor-element elementor-element-e8f1658 elementor-widget elementor-widget-elementskit-accordion\" data-id=\"e8f1658\" data-element_type=\"widget\" data-e-type=\"widget\" data-widget_type=\"elementskit-accordion.default\">\n\t\t\t\t\t<div class=\"ekit-wid-con\" >\n        <div class=\"elementskit-accordion accoedion-primary\" id=\"accordion-69e88bd8567df\">\n\n            \n                <div class=\"elementskit-card active\">\n                    <div class=\"elementskit-card-header\" id=\"primaryHeading-0-e8f1658\">\n                        <a href=\"#collapse-6dfa7d069e88bd8567df\" class=\"ekit-accordion--toggler elementskit-btn-link collapsed\" data-ekit-toggle=\"collapse\" data-target=\"#Collapse-6dfa7d069e88bd8567df\" aria-expanded=\"true\" aria-controls=\"Collapse-6dfa7d069e88bd8567df\">\n                            \n                            <span class=\"ekit-accordion-title\">\u00bfQu\u00e9 certificaciones cubren?<\/span>\n\n                            \n                                <div class=\"ekit_accordion_icon_group\">\n                                    <div class=\"ekit_accordion_normal_icon\">\n                                        <!-- Normal Icon -->\n\t\t\t\t\t\t\t\t\t\t<i class=\"icon icon-down-arrow1\"><\/i>                                    <\/div>\n\n                                    <div class=\"ekit_accordion_active_icon\">\n                                        <!-- Active Icon -->\n\t\t\t\t\t\t\t\t\t\t<i class=\"icon icon-up-arrow\"><\/i>                                    <\/div>\n                                <\/div>\n\n                            \n                                                    <\/a>\n                    <\/div>\n\n                    <div id=\"Collapse-6dfa7d069e88bd8567df\" class=\"show collapse\" aria-labelledby=\"primaryHeading-0-e8f1658\" data-parent=\"#accordion-69e88bd8567df\">\n\n                        <div class=\"elementskit-card-body ekit-accordion--content\">\n                            <p>Ofrecemos ex\u00e1menes de pr\u00e1ctica y gu\u00edas de estudio para m\u00e1s de 250 certificaciones, incluyendo TI, Cloud, Redes, Enfermer\u00eda y Gesti\u00f3n de Proyectos.<\/p>                        <\/div>\n\n                    <\/div>\n\n                <\/div><!-- .elementskit-card END -->\n\n                \n                <div class=\"elementskit-card\">\n                    <div class=\"elementskit-card-header\" id=\"primaryHeading-1-e8f1658\">\n                        <a href=\"#collapse-75d5a5069e88bd8567df\" class=\"ekit-accordion--toggler elementskit-btn-link collapsed\" data-ekit-toggle=\"collapse\" data-target=\"#Collapse-75d5a5069e88bd8567df\" aria-expanded=\"false\" aria-controls=\"Collapse-75d5a5069e88bd8567df\">\n                            \n                            <span class=\"ekit-accordion-title\">\u00bfPuedo acceder a los materiales al instante?<\/span>\n\n                            \n                                <div class=\"ekit_accordion_icon_group\">\n                                    <div class=\"ekit_accordion_normal_icon\">\n                                        <!-- Normal Icon -->\n\t\t\t\t\t\t\t\t\t\t<i class=\"icon icon-down-arrow1\"><\/i>                                    <\/div>\n\n                                    <div class=\"ekit_accordion_active_icon\">\n                                        <!-- Active Icon -->\n\t\t\t\t\t\t\t\t\t\t<i class=\"icon icon-up-arrow\"><\/i>                                    <\/div>\n                                <\/div>\n\n                            \n                                                    <\/a>\n                    <\/div>\n\n                    <div id=\"Collapse-75d5a5069e88bd8567df\" class=\"collapse\" aria-labelledby=\"primaryHeading-1-e8f1658\" data-parent=\"#accordion-69e88bd8567df\">\n\n                        <div class=\"elementskit-card-body ekit-accordion--content\">\n                            <p>\u00a1S\u00ed! Todos los ex\u00e1menes de pr\u00e1ctica y gu\u00edas de estudio est\u00e1n disponibles para descarga inmediata, as\u00ed que puedes comenzar a prepararte en cualquier momento y lugar.<\/p>                        <\/div>\n\n                    <\/div>\n\n                <\/div><!-- .elementskit-card END -->\n\n                \n                <div class=\"elementskit-card\">\n                    <div class=\"elementskit-card-header\" id=\"primaryHeading-2-e8f1658\">\n                        <a href=\"#collapse-87cfc7469e88bd8567df\" class=\"ekit-accordion--toggler elementskit-btn-link collapsed\" data-ekit-toggle=\"collapse\" data-target=\"#Collapse-87cfc7469e88bd8567df\" aria-expanded=\"false\" aria-controls=\"Collapse-87cfc7469e88bd8567df\">\n                            \n                            <span class=\"ekit-accordion-title\">\u00bfOfrecen actualizaciones de sus preguntas?<\/span>\n\n                            \n                                <div class=\"ekit_accordion_icon_group\">\n                                    <div class=\"ekit_accordion_normal_icon\">\n                                        <!-- Normal Icon -->\n\t\t\t\t\t\t\t\t\t\t<i class=\"icon icon-down-arrow1\"><\/i>                                    <\/div>\n\n                                    <div class=\"ekit_accordion_active_icon\">\n                                        <!-- Active Icon -->\n\t\t\t\t\t\t\t\t\t\t<i class=\"icon icon-up-arrow\"><\/i>                                    <\/div>\n                                <\/div>\n\n                            \n                                                    <\/a>\n                    <\/div>\n\n                    <div id=\"Collapse-87cfc7469e88bd8567df\" class=\"collapse\" aria-labelledby=\"primaryHeading-2-e8f1658\" data-parent=\"#accordion-69e88bd8567df\">\n\n                        <div class=\"elementskit-card-body ekit-accordion--content\">\n                            <p>\u00a1Por supuesto! Cada compra incluye 90 d\u00edas de actualizaciones gratuitas para mantener tu preparaci\u00f3n para el examen actualizada y precisa.<\/p>                        <\/div>\n\n                    <\/div>\n\n                <\/div><!-- .elementskit-card END -->\n\n                                        <\/div>\n    <\/div>\t\t\t\t<\/div>\n\t\t\t\t<\/div>\n\t\t<div class=\"elementor-element elementor-element-65a9699 e-con-full e-flex e-con e-child\" data-id=\"65a9699\" data-element_type=\"container\" data-e-type=\"container\" data-settings=\"{&quot;background_background&quot;:&quot;classic&quot;}\">\n\t\t\t\t<div class=\"elementor-element elementor-element-4849b1b elementor-widget elementor-widget-image\" data-id=\"4849b1b\" data-element_type=\"widget\" data-e-type=\"widget\" data-widget_type=\"image.default\">\n\t\t\t\t\t\t\t\t\t\t\t\t\t\t\t<img fetchpriority=\"high\" decoding=\"async\" width=\"800\" height=\"533\" src=\"https:\/\/certswarrior.com\/wp-content\/uploads\/2025\/12\/vta-1024x682.webp\" class=\"attachment-large size-large wp-image-35\" alt=\"\" srcset=\"https:\/\/certswarrior.com\/wp-content\/uploads\/2025\/12\/vta-1024x682.webp 1024w, https:\/\/certswarrior.com\/wp-content\/uploads\/2025\/12\/vta-600x400.webp 600w, https:\/\/certswarrior.com\/wp-content\/uploads\/2025\/12\/vta-300x200.webp 300w, https:\/\/certswarrior.com\/wp-content\/uploads\/2025\/12\/vta-768x512.webp 768w, https:\/\/certswarrior.com\/wp-content\/uploads\/2025\/12\/vta-1536x1023.webp 1536w, https:\/\/certswarrior.com\/wp-content\/uploads\/2025\/12\/vta.webp 1600w\" sizes=\"(max-width: 800px) 100vw, 800px\" \/>\t\t\t\t\t\t\t\t\t\t\t\t\t\t\t<\/div>\n\t\t\t\t<div class=\"elementor-element elementor-element-1d72b06 elementor-widget elementor-widget-image\" data-id=\"1d72b06\" data-element_type=\"widget\" data-e-type=\"widget\" data-widget_type=\"image.default\">\n\t\t\t\t\t\t\t\t\t\t\t\t\t\t\t<img decoding=\"async\" width=\"800\" height=\"533\" src=\"https:\/\/certswarrior.com\/wp-content\/uploads\/2025\/12\/1643662194-1024x682.webp\" class=\"attachment-large size-large wp-image-42\" alt=\"\" srcset=\"https:\/\/certswarrior.com\/wp-content\/uploads\/2025\/12\/1643662194-1024x682.webp 1024w, https:\/\/certswarrior.com\/wp-content\/uploads\/2025\/12\/1643662194-600x400.webp 600w, https:\/\/certswarrior.com\/wp-content\/uploads\/2025\/12\/1643662194-300x200.webp 300w, https:\/\/certswarrior.com\/wp-content\/uploads\/2025\/12\/1643662194-768x512.webp 768w, https:\/\/certswarrior.com\/wp-content\/uploads\/2025\/12\/1643662194.webp 1199w\" sizes=\"(max-width: 800px) 100vw, 800px\" \/>\t\t\t\t\t\t\t\t\t\t\t\t\t\t\t<\/div>\n\t\t<div class=\"elementor-element elementor-element-8452cda e-con-full e-flex e-con e-child\" data-id=\"8452cda\" data-element_type=\"container\" data-e-type=\"container\" data-settings=\"{&quot;background_background&quot;:&quot;classic&quot;,&quot;position&quot;:&quot;absolute&quot;}\">\n\t\t\t\t<div class=\"elementor-element elementor-element-61836df elementor-widget elementor-widget-counter\" data-id=\"61836df\" data-element_type=\"widget\" data-e-type=\"widget\" data-widget_type=\"counter.default\">\n\t\t\t\t\t\t\t<div class=\"elementor-counter\">\n\t\t\t<div class=\"elementor-counter-title\">Comentarios positivos<\/div>\t\t\t<div class=\"elementor-counter-number-wrapper\">\n\t\t\t\t<span class=\"elementor-counter-number-prefix\"><\/span>\n\t\t\t\t<span class=\"elementor-counter-number\" data-duration=\"2000\" data-to-value=\"10\" data-from-value=\"0\" data-delimiter=\",\">0<\/span>\n\t\t\t\t<span class=\"elementor-counter-number-suffix\">k<\/span>\n\t\t\t<\/div>\n\t\t<\/div>\n\t\t\t\t\t\t<\/div>\n\t\t\t\t<\/div>\n\t\t\t\t<\/div>\n\t\t\t\t\t<\/div>\n\t\t\t\t<\/div>\n\t\t\t\t<\/div>","protected":false},"excerpt":{"rendered":"<p>Home FAQ CertsWarrior Support &amp; FAQs Find answers to the most common questions about our practice tests, study guides, and exam preparation. What certifications do you cover? We provide practice tests and study guides for 250+ certifications, including IT, Cloud, Networking, Nursing, and Project Management. Can I access the materials instantly? Yes! All practice tests [&hellip;]<\/p>\n","protected":false},"author":1,"featured_media":0,"parent":0,"menu_order":0,"comment_status":"closed","ping_status":"closed","template":"","meta":{"_acf_changed":false,"footnotes":""},"class_list":["post-293","page","type-page","status-publish","hentry"],"acf":[],"_links":{"self":[{"href":"https:\/\/certswarrior.com\/es\/wp-json\/wp\/v2\/pages\/293","targetHints":{"allow":["GET"]}}],"collection":[{"href":"https:\/\/certswarrior.com\/es\/wp-json\/wp\/v2\/pages"}],"about":[{"href":"https:\/\/certswarrior.com\/es\/wp-json\/wp\/v2\/types\/page"}],"author":[{"embeddable":true,"href":"https:\/\/certswarrior.com\/es\/wp-json\/wp\/v2\/users\/1"}],"replies":[{"embeddable":true,"href":"https:\/\/certswarrior.com\/es\/wp-json\/wp\/v2\/comments?post=293"}],"version-history":[{"count":0,"href":"https:\/\/certswarrior.com\/es\/wp-json\/wp\/v2\/pages\/293\/revisions"}],"wp:attachment":[{"href":"https:\/\/certswarrior.com\/es\/wp-json\/wp\/v2\/media?parent=293"}],"curies":[{"name":"wp","href":"https:\/\/api.w.org\/{rel}","templated":true}]}}